{"id":17,"date":"2014-09-09T19:17:53","date_gmt":"2014-09-09T17:17:53","guid":{"rendered":"http:\/\/www.ostiautomatismi.it.php54-2.dfw1-2.websitetestlink.com\/?page_id=17"},"modified":"2016-12-01T15:01:50","modified_gmt":"2016-12-01T14:01:50","slug":"cancelli-a-battente","status":"publish","type":"page","link":"http:\/\/www.ostiautomatismi.it\/?page_id=17","title":{"rendered":"Cancelli a battente"},"content":{"rendered":"<p><img loading=\"lazy\" class=\"alignnone size-full wp-image-57\" src=\"\/wp-content\/uploads\/2014\/09\/automazioni-cancelli-a-battente-mantova.jpg\" alt=\"automazione cancelli a battente mantova\" width=\"660\" height=\"434\" srcset=\"http:\/\/www.ostiautomatismi.it\/wp-content\/uploads\/2014\/09\/automazioni-cancelli-a-battente-mantova.jpg 660w, http:\/\/www.ostiautomatismi.it\/wp-content\/uploads\/2014\/09\/automazioni-cancelli-a-battente-mantova-300x197.jpg 300w\" sizes=\"(max-width: 660px) 100vw, 660px\" \/><\/p>\n<p>Per l&#8217;<strong>automazione dei cancelli a battente<\/strong>\u00a0puoi rivolgerti a Osti Andrea Automatismi.<\/p>\n<p>E&#8217; importante affidarsi a professionisti per automatizzare un cancello a battente, molti sono gli aspetti che vanno valutati sia per il corretto funzionamento dell&#8217;automatismo che per la sicurezza delle persone e delle cose che vi transiteranno.<\/p>\n<p>Per l&#8217;automazione del cancello a battente, va effettuata una valutazione gi\u00e0 dal tipo di pavimentazione presente. Sulla base dell&#8217;osservazione effettuata Osti automatismi vi consiglier\u00e0 il motore pi\u00f9 idoneo per automatizzare il cancello, questo potr\u00e0 essere un motore interrato oppure a bracci esterni.<\/p>\n<p>Va prestata molta attenzione anche al punto dove \u00e8 fissato il cancello sul pilastro per decidere se <strong>automatizzare il cancello<\/strong> con un pistone elettromeccanico tradizionale oppure interrato.<\/p>\n<p>Automatizzare un cancello pu\u00f2 richiedere alcune funzionalit\u00e0 speciali, si pu\u00f2 predisporre infatti anche l&#8217;<strong>apertura col citofono<\/strong>. E&#8217; possibile scegliere anche la <strong>chiusura automatica temporizzata<\/strong> dove il tempo \u00e8 scelto dal cliente.<\/p>\n<p>Consigliamo fortemente per i cancelli a battente automatizzati l&#8217;introduzione di fotocellule di sicurezza all&#8217;interno sul battente.<\/p>\n<p>I motori che consiglia ed installa Osti automatismi prevedono un <strong>amperostop sul cancello automatico<\/strong>, se viene rilevato dal motore del cancello uno sforzo che sia in apertura o chiusura, tipico di un ostacolo, il movimento del battente viene automaticamente invertito.<\/p>\n ","protected":false},"excerpt":{"rendered":"<p>Per l&#8217;automazione dei cancelli a battente\u00a0puoi rivolgerti a Osti Andrea Automatismi. E&#8217; importante affidarsi a professionisti per automatizzare un cancello a battente, molti sono gli aspetti che vanno valutati sia per il corretto funzionamento dell&#8217;automatismo che per la sicurezza delle persone e delle cose che vi transiteranno. Per l&#8217;automazione del cancello a battente, va effettuata [&hellip;]<\/p>\n","protected":false},"author":1,"featured_media":363,"parent":10,"menu_order":0,"comment_status":"open","ping_status":"closed","template":"","meta":{"_genesis_hide_title":false,"_genesis_hide_breadcrumbs":false,"_genesis_hide_singular_image":false,"_genesis_hide_footer_widgets":false,"_genesis_custom_body_class":"","_genesis_custom_post_class":"","_genesis_layout":"","ngg_post_thumbnail":0},"_links":{"self":[{"href":"http:\/\/www.ostiautomatismi.it\/index.php?rest_route=\/wp\/v2\/pages\/17"}],"collection":[{"href":"http:\/\/www.ostiautomatismi.it\/index.php?rest_route=\/wp\/v2\/pages"}],"about":[{"href":"http:\/\/www.ostiautomatismi.it\/index.php?rest_route=\/wp\/v2\/types\/page"}],"author":[{"embeddable":true,"href":"http:\/\/www.ostiautomatismi.it\/index.php?rest_route=\/wp\/v2\/users\/1"}],"replies":[{"embeddable":true,"href":"http:\/\/www.ostiautomatismi.it\/index.php?rest_route=%2Fwp%2Fv2%2Fcomments&post=17"}],"version-history":[{"count":0,"href":"http:\/\/www.ostiautomatismi.it\/index.php?rest_route=\/wp\/v2\/pages\/17\/revisions"}],"up":[{"embeddable":true,"href":"http:\/\/www.ostiautomatismi.it\/index.php?rest_route=\/wp\/v2\/pages\/10"}],"wp:featuredmedia":[{"embeddable":true,"href":"http:\/\/www.ostiautomatismi.it\/index.php?rest_route=\/wp\/v2\/media\/363"}],"wp:attachment":[{"href":"http:\/\/www.ostiautomatismi.it\/index.php?rest_route=%2Fwp%2Fv2%2Fmedia&parent=17"}],"curies":[{"name":"wp","href":"https:\/\/api.w.org\/{rel}","templated":true}]}}