{"id":19,"date":"2014-09-09T19:20:33","date_gmt":"2014-09-09T17:20:33","guid":{"rendered":"http:\/\/www.ostiautomatismi.it.php54-2.dfw1-2.websitetestlink.com\/?page_id=19"},"modified":"2016-12-01T14:17:54","modified_gmt":"2016-12-01T13:17:54","slug":"porte-da-garage","status":"publish","type":"page","link":"http:\/\/www.ostiautomatismi.it\/?page_id=19","title":{"rendered":"Porte da garage"},"content":{"rendered":"<p><img loading=\"lazy\" class=\"alignnone size-full wp-image-74\" src=\"\/wp-content\/uploads\/2014\/09\/porte-garage-automatizzate-mantova.jpg\" alt=\"porte garage automatizzate mantova\" width=\"660\" height=\"439\" srcset=\"http:\/\/www.ostiautomatismi.it\/wp-content\/uploads\/2014\/09\/porte-garage-automatizzate-mantova.jpg 660w, http:\/\/www.ostiautomatismi.it\/wp-content\/uploads\/2014\/09\/porte-garage-automatizzate-mantova-300x199.jpg 300w\" sizes=\"(max-width: 660px) 100vw, 660px\" \/><\/p>\n<p>Andrea Osti Automatismi si occupa dell&#8217;<strong>automazione delle porte da garage<\/strong>, sia le <strong>porte da garage basculanti<\/strong> che le <strong>porte da garage sezionali<\/strong> per clienti residenziali o industriali.<\/p>\n<p>Le <strong>porte da garage sezionali<\/strong> dei clienti residenziali sono dotate di un motore di traino che all&#8217;azionamento dell&#8217;automatismo tira su la porta. Per i tipici usi industriali la porta viene tirata su in verticale attraverso il motore che fa girare un palo che consente alla porta di essere aperta.<\/p>\n<p>Per quanto riguarda le <strong>porte da garage automatiche con basculante<\/strong>\u00a0l&#8217;automazione pu\u00f2 avvenire attraverso un motore a traino che per\u00f2 limita di 10-15 cm la possibilit\u00e0 di apertura oppure con un motore installato direttamente a bordo della basculante. All&#8217;installazione del motore la porta basculante va ribilanciata con i pesi ed i contrappesi per evitare uno sforzo eccessivo da parte del motore.<\/p>\n<p>Come dispositivi di sicurezza ricordiamo che \u00e8 <em>necessario<\/em> qualora non fosse presente un&#8217;altro ingresso al garage di installare un dispositivo di sblocco.<\/p>\n<p>Per chi ha una <strong>porta da garage automatizzata<\/strong> \u00e8 importante ricordare che il meccanismo funziona con delle molle che sono sempre in tensione, con il passare del tempo e dell&#8217;uso della porta le molle andranno naturalmente a scaricarsi perci\u00f2 \u00e8 importante effettuare una <strong>manutenzione<\/strong>.<\/p>\n<p>Offriamo servizi di installazione, riparazione ed assistenza tecnica delle porte da garage automatizzate.<\/p>\n<p>&nbsp;<\/p>\n ","protected":false},"excerpt":{"rendered":"<p>Andrea Osti Automatismi si occupa dell&#8217;automazione delle porte da garage, sia le porte da garage basculanti che le porte da garage sezionali per clienti residenziali o industriali. Le porte da garage sezionali dei clienti residenziali sono dotate di un motore di traino che all&#8217;azionamento dell&#8217;automatismo tira su la porta. Per i tipici usi industriali la [&hellip;]<\/p>\n","protected":false},"author":1,"featured_media":490,"parent":10,"menu_order":0,"comment_status":"open","ping_status":"closed","template":"","meta":{"_genesis_hide_title":false,"_genesis_hide_breadcrumbs":false,"_genesis_hide_singular_image":false,"_genesis_hide_footer_widgets":false,"_genesis_custom_body_class":"","_genesis_custom_post_class":"","_genesis_layout":"","ngg_post_thumbnail":0},"_links":{"self":[{"href":"http:\/\/www.ostiautomatismi.it\/index.php?rest_route=\/wp\/v2\/pages\/19"}],"collection":[{"href":"http:\/\/www.ostiautomatismi.it\/index.php?rest_route=\/wp\/v2\/pages"}],"about":[{"href":"http:\/\/www.ostiautomatismi.it\/index.php?rest_route=\/wp\/v2\/types\/page"}],"author":[{"embeddable":true,"href":"http:\/\/www.ostiautomatismi.it\/index.php?rest_route=\/wp\/v2\/users\/1"}],"replies":[{"embeddable":true,"href":"http:\/\/www.ostiautomatismi.it\/index.php?rest_route=%2Fwp%2Fv2%2Fcomments&post=19"}],"version-history":[{"count":0,"href":"http:\/\/www.ostiautomatismi.it\/index.php?rest_route=\/wp\/v2\/pages\/19\/revisions"}],"up":[{"embeddable":true,"href":"http:\/\/www.ostiautomatismi.it\/index.php?rest_route=\/wp\/v2\/pages\/10"}],"wp:featuredmedia":[{"embeddable":true,"href":"http:\/\/www.ostiautomatismi.it\/index.php?rest_route=\/wp\/v2\/media\/490"}],"wp:attachment":[{"href":"http:\/\/www.ostiautomatismi.it\/index.php?rest_route=%2Fwp%2Fv2%2Fmedia&parent=19"}],"curies":[{"name":"wp","href":"https:\/\/api.w.org\/{rel}","templated":true}]}}