{"id":21,"date":"2014-09-09T19:23:28","date_gmt":"2014-09-09T17:23:28","guid":{"rendered":"http:\/\/www.ostiautomatismi.it.php54-2.dfw1-2.websitetestlink.com\/?page_id=21"},"modified":"2016-12-01T14:18:40","modified_gmt":"2016-12-01T13:18:40","slug":"tapparelle-avvolgibili","status":"publish","type":"page","link":"http:\/\/www.ostiautomatismi.it\/?page_id=21","title":{"rendered":"Tapparelle avvolgibili"},"content":{"rendered":"<p><img loading=\"lazy\" class=\"alignnone size-full wp-image-61\" src=\"\/wp-content\/uploads\/2014\/09\/tapparelle-avvolgibili-automatizzate-mantova.jpg\" alt=\"tapparelle avvolgibili automatizzate mantova\" width=\"660\" height=\"440\" srcset=\"http:\/\/www.ostiautomatismi.it\/wp-content\/uploads\/2014\/09\/tapparelle-avvolgibili-automatizzate-mantova.jpg 660w, http:\/\/www.ostiautomatismi.it\/wp-content\/uploads\/2014\/09\/tapparelle-avvolgibili-automatizzate-mantova-300x200.jpg 300w\" sizes=\"(max-width: 660px) 100vw, 660px\" \/><\/p>\n<p>La comodit\u00e0 degli automatismi si moltiplica in casa con l&#8217;installazione delle tapparelle avvolgibili automatizzate.<\/p>\n<p>Osti Andrea automatismi ti sapr\u00e0 consigliare al meglio sulla possibilit\u00e0 di automatizzare le tapparelle della tua abitazione, contattaci per informazioni o per un preventivo.<\/p>\n<p>L&#8217;automazione delle tapparelle avvolgibili prevede un sopralluogo per valutare l&#8217;idoneit\u00e0 del palo attorno al quale si avvolge la tapparella. Questo aspetto \u00e8 molto importante proprio perch\u00e9 il motore va inserito all&#8217;interno del palo, perci\u00f2 se ci si trova in presenza di pali vecchi in legno pieno, questi andranno sostituiti.<\/p>\n<p>Esistono vari tipi di automatismi per tapparelle:<\/p>\n<ul>\n<li>Automazione con uomo presente. L&#8217;automatismo funziona con la pressione di un pulsante, appena viene rilasciato la tapparella si ferma nella posizione in cui si trova.<\/li>\n<li>Automazioni via radio con telecomando.<\/li>\n<li>Automatismo centralizzato. Si pu\u00f2 predisporre in casa un pulsante che comander\u00e0 tutte le tapparelle avvolgibili<\/li>\n<li>Anemometro di protezione. C&#8217;\u00e8 la possibilit\u00e0 di installare un anemometro, questi rilever\u00e0 la forza del vento e se ritenuta elevata predisporr\u00e0 la chiusura automatica della tapparella.<\/li>\n<\/ul>\n<p>Offriamo anche il servizio di riparazione.<\/p>\n<p>&nbsp;<\/p>\n ","protected":false},"excerpt":{"rendered":"<p>La comodit\u00e0 degli automatismi si moltiplica in casa con l&#8217;installazione delle tapparelle avvolgibili automatizzate. Osti Andrea automatismi ti sapr\u00e0 consigliare al meglio sulla possibilit\u00e0 di automatizzare le tapparelle della tua abitazione, contattaci per informazioni o per un preventivo. L&#8217;automazione delle tapparelle avvolgibili prevede un sopralluogo per valutare l&#8217;idoneit\u00e0 del palo attorno al quale si avvolge [&hellip;]<\/p>\n","protected":false},"author":1,"featured_media":0,"parent":10,"menu_order":0,"comment_status":"open","ping_status":"closed","template":"","meta":{"_genesis_hide_title":false,"_genesis_hide_breadcrumbs":false,"_genesis_hide_singular_image":false,"_genesis_hide_footer_widgets":false,"_genesis_custom_body_class":"","_genesis_custom_post_class":"","_genesis_layout":"","ngg_post_thumbnail":0},"_links":{"self":[{"href":"http:\/\/www.ostiautomatismi.it\/index.php?rest_route=\/wp\/v2\/pages\/21"}],"collection":[{"href":"http:\/\/www.ostiautomatismi.it\/index.php?rest_route=\/wp\/v2\/pages"}],"about":[{"href":"http:\/\/www.ostiautomatismi.it\/index.php?rest_route=\/wp\/v2\/types\/page"}],"author":[{"embeddable":true,"href":"http:\/\/www.ostiautomatismi.it\/index.php?rest_route=\/wp\/v2\/users\/1"}],"replies":[{"embeddable":true,"href":"http:\/\/www.ostiautomatismi.it\/index.php?rest_route=%2Fwp%2Fv2%2Fcomments&post=21"}],"version-history":[{"count":0,"href":"http:\/\/www.ostiautomatismi.it\/index.php?rest_route=\/wp\/v2\/pages\/21\/revisions"}],"up":[{"embeddable":true,"href":"http:\/\/www.ostiautomatismi.it\/index.php?rest_route=\/wp\/v2\/pages\/10"}],"wp:attachment":[{"href":"http:\/\/www.ostiautomatismi.it\/index.php?rest_route=%2Fwp%2Fv2%2Fmedia&parent=21"}],"curies":[{"name":"wp","href":"https:\/\/api.w.org\/{rel}","templated":true}]}}