{"id":102,"date":"2014-09-28T11:24:18","date_gmt":"2014-09-28T09:24:18","guid":{"rendered":"http:\/\/www.ostiautomatismi.it.php54-2.dfw1-2.websitetestlink.com\/?page_id=102"},"modified":"2016-12-01T14:16:59","modified_gmt":"2016-12-01T13:16:59","slug":"dissuasori-a-scomparsa","status":"publish","type":"page","link":"https:\/\/www.ostiautomatismi.it\/?page_id=102","title":{"rendered":"Dissuasori a scomparsa"},"content":{"rendered":"<table>\n<tbody>\n<tr>\n<td><img loading=\"lazy\" class=\"alignleft size-full wp-image-118\" src=\"\/wp-content\/uploads\/2014\/09\/dissuasori-stradali-mantova.jpg\" alt=\"dissuasori stradali mantova\" width=\"300\" height=\"448\" srcset=\"https:\/\/www.ostiautomatismi.it\/wp-content\/uploads\/2014\/09\/dissuasori-stradali-mantova.jpg 300w, https:\/\/www.ostiautomatismi.it\/wp-content\/uploads\/2014\/09\/dissuasori-stradali-mantova-200x300.jpg 200w\" sizes=\"(max-width: 300px) 100vw, 300px\" \/><\/td>\n<td><img loading=\"lazy\" class=\"alignright size-full wp-image-110\" src=\"\/wp-content\/uploads\/2014\/09\/dissuasori-parcheggio-mantova.jpg\" alt=\"dissuasori parcheggio mantova\" width=\"300\" height=\"448\" srcset=\"https:\/\/www.ostiautomatismi.it\/wp-content\/uploads\/2014\/09\/dissuasori-parcheggio-mantova.jpg 300w, https:\/\/www.ostiautomatismi.it\/wp-content\/uploads\/2014\/09\/dissuasori-parcheggio-mantova-200x300.jpg 200w\" sizes=\"(max-width: 300px) 100vw, 300px\" \/><\/td>\n<\/tr>\n<\/tbody>\n<\/table>\n<p>Osti automatismi installa ed effettua la manutenzione anche per i <strong>dissuasori di parcheggio, dissuasori stradali, dissuasori elettrici, dissuasori di sosta<\/strong>.<\/p>\n<p>I dissuasori sono interrati e sono utili sia per impedire l&#8217;accesso a strade che per impedire l&#8217;occupazione dei posti auto.<\/p>\n<p>Il base a come vorr\u00e0 utilizzarlo il cliente il dissuasore al momento opportuno emerger\u00e0 automaticamente dal terreno e rester\u00e0 innalzato impedendo l&#8217;accesso alla sosta o al passaggio.<\/p>\n<p>Il dissuasore\u00a0si pu\u00f2 gestire con la temporizzazione da una <strong>centralina di controllo<\/strong>. In pi\u00f9 \u00e8 possibile utilizzare il dissuasore con un <strong>telecomando<\/strong>, questo risulta molto utile nel caso si tratti di dissuasori di parcheggio.<\/p>\n<p>Sono dispositivi dotati di spira magnetica, fotocellule di sicurezza e rilevatori di sforzo.<\/p>\n ","protected":false},"excerpt":{"rendered":"<p>Osti automatismi installa ed effettua la manutenzione anche per i dissuasori di parcheggio, dissuasori stradali, dissuasori elettrici, dissuasori di sosta. I dissuasori sono interrati e sono utili sia per impedire l&#8217;accesso a strade che per impedire l&#8217;occupazione dei posti auto. Il base a come vorr\u00e0 utilizzarlo il cliente il dissuasore al momento opportuno emerger\u00e0 automaticamente [&hellip;]<\/p>\n","protected":false},"author":1,"featured_media":0,"parent":10,"menu_order":0,"comment_status":"open","ping_status":"closed","template":"","meta":{"_genesis_hide_title":false,"_genesis_hide_breadcrumbs":false,"_genesis_hide_singular_image":false,"_genesis_hide_footer_widgets":false,"_genesis_custom_body_class":"","_genesis_custom_post_class":"","_genesis_layout":"","ngg_post_thumbnail":0},"_links":{"self":[{"href":"https:\/\/www.ostiautomatismi.it\/index.php?rest_route=\/wp\/v2\/pages\/102"}],"collection":[{"href":"https:\/\/www.ostiautomatismi.it\/index.php?rest_route=\/wp\/v2\/pages"}],"about":[{"href":"https:\/\/www.ostiautomatismi.it\/index.php?rest_route=\/wp\/v2\/types\/page"}],"author":[{"embeddable":true,"href":"https:\/\/www.ostiautomatismi.it\/index.php?rest_route=\/wp\/v2\/users\/1"}],"replies":[{"embeddable":true,"href":"https:\/\/www.ostiautomatismi.it\/index.php?rest_route=%2Fwp%2Fv2%2Fcomments&post=102"}],"version-history":[{"count":0,"href":"https:\/\/www.ostiautomatismi.it\/index.php?rest_route=\/wp\/v2\/pages\/102\/revisions"}],"up":[{"embeddable":true,"href":"https:\/\/www.ostiautomatismi.it\/index.php?rest_route=\/wp\/v2\/pages\/10"}],"wp:attachment":[{"href":"https:\/\/www.ostiautomatismi.it\/index.php?rest_route=%2Fwp%2Fv2%2Fmedia&parent=102"}],"curies":[{"name":"wp","href":"https:\/\/api.w.org\/{rel}","templated":true}]}}