{"id":12,"date":"2014-09-09T19:07:14","date_gmt":"2014-09-09T17:07:14","guid":{"rendered":"http:\/\/www.ostiautomatismi.it.php54-2.dfw1-2.websitetestlink.com\/?page_id=12"},"modified":"2016-12-01T15:02:02","modified_gmt":"2016-12-01T14:02:02","slug":"automatismi-per-cancelli","status":"publish","type":"page","link":"https:\/\/www.ostiautomatismi.it\/?page_id=12","title":{"rendered":"Cancelli scorrevoli"},"content":{"rendered":"<p><strong><img loading=\"lazy\" class=\"alignnone size-full wp-image-55\" src=\"\/wp-content\/uploads\/2014\/09\/automazioni-cancelli-scorrevoli-mantova.jpg\" alt=\"automazioni cancelli scorrevoli mantova\" width=\"660\" height=\"440\" srcset=\"https:\/\/www.ostiautomatismi.it\/wp-content\/uploads\/2014\/09\/automazioni-cancelli-scorrevoli-mantova.jpg 660w, https:\/\/www.ostiautomatismi.it\/wp-content\/uploads\/2014\/09\/automazioni-cancelli-scorrevoli-mantova-300x200.jpg 300w\" sizes=\"(max-width: 660px) 100vw, 660px\" \/><br \/>\n<\/strong>L&#8217;automazione per i cancelli scorrevoli consente di poter aprire il cancello in tutta facilit\u00e0 e comodit\u00e0 con un semplice gesto.<\/p>\n<p>Per le nostre soluzioni legate all&#8217;automatismo dei cancelli scorrevoli ci affidiamo ai prodotti BFT che garantiscono qualit\u00e0 ed efficienza.<\/p>\n<p>Attraverso un sopralluogo vi sapremo consigliare al meglio sulla possibilit\u00e0 di automazione del vostro cancello scorrevole. Verr\u00e0 valutato assieme al cliente il motore pi\u00f9 idoneo alla struttura ed al tipo di utilizzo del cancello.<\/p>\n<p>Verr\u00e0 valutato il punto per l&#8217;installazione delle fotocellule, necessarie per bloccare con sicurezza il cancello ogni qual volta qualcosa si frapponga attraverso il raggio.<\/p>\n<p>Un altro dispositivo molto importante per i cancelli automatici scorrevoli sono le coste di sicurezza, il loro compito \u00e8 quello di intervenire nel caso qualcosa di inserisca attraverso il cancello in movimento ed una volta che l&#8217;oggetto o la persona tocca la costa il movimento del cancello automatico scorrevole viene invertito.<\/p>\n<p>Contattaci per avere un preventivo, un sopralluogo o per maggiori informazioni riguardo le possibilit\u00e0 installare un automatismo per cancelli.<\/p>\n<p>&nbsp;<\/p>\n ","protected":false},"excerpt":{"rendered":"<p>L&#8217;automazione per i cancelli scorrevoli consente di poter aprire il cancello in tutta facilit\u00e0 e comodit\u00e0 con un semplice gesto. Per le nostre soluzioni legate all&#8217;automatismo dei cancelli scorrevoli ci affidiamo ai prodotti BFT che garantiscono qualit\u00e0 ed efficienza. Attraverso un sopralluogo vi sapremo consigliare al meglio sulla possibilit\u00e0 di automazione del vostro cancello scorrevole. [&hellip;]<\/p>\n","protected":false},"author":1,"featured_media":0,"parent":10,"menu_order":0,"comment_status":"open","ping_status":"closed","template":"","meta":{"_genesis_hide_title":false,"_genesis_hide_breadcrumbs":false,"_genesis_hide_singular_image":false,"_genesis_hide_footer_widgets":false,"_genesis_custom_body_class":"","_genesis_custom_post_class":"","_genesis_layout":"","ngg_post_thumbnail":0},"_links":{"self":[{"href":"https:\/\/www.ostiautomatismi.it\/index.php?rest_route=\/wp\/v2\/pages\/12"}],"collection":[{"href":"https:\/\/www.ostiautomatismi.it\/index.php?rest_route=\/wp\/v2\/pages"}],"about":[{"href":"https:\/\/www.ostiautomatismi.it\/index.php?rest_route=\/wp\/v2\/types\/page"}],"author":[{"embeddable":true,"href":"https:\/\/www.ostiautomatismi.it\/index.php?rest_route=\/wp\/v2\/users\/1"}],"replies":[{"embeddable":true,"href":"https:\/\/www.ostiautomatismi.it\/index.php?rest_route=%2Fwp%2Fv2%2Fcomments&post=12"}],"version-history":[{"count":0,"href":"https:\/\/www.ostiautomatismi.it\/index.php?rest_route=\/wp\/v2\/pages\/12\/revisions"}],"up":[{"embeddable":true,"href":"https:\/\/www.ostiautomatismi.it\/index.php?rest_route=\/wp\/v2\/pages\/10"}],"wp:attachment":[{"href":"https:\/\/www.ostiautomatismi.it\/index.php?rest_route=%2Fwp%2Fv2%2Fmedia&parent=12"}],"curies":[{"name":"wp","href":"https:\/\/api.w.org\/{rel}","templated":true}]}}