{"id":63,"date":"2014-09-10T17:02:06","date_gmt":"2014-09-10T15:02:06","guid":{"rendered":"http:\/\/www.ostiautomatismi.it.php54-2.dfw1-2.websitetestlink.com\/?page_id=63"},"modified":"2016-12-01T14:18:16","modified_gmt":"2016-12-01T13:18:16","slug":"serrande-avvolgibili","status":"publish","type":"page","link":"https:\/\/www.ostiautomatismi.it\/?page_id=63","title":{"rendered":"Serrande avvolgibili"},"content":{"rendered":"<p><img loading=\"lazy\" class=\"alignnone size-full wp-image-64\" src=\"\/wp-content\/uploads\/2014\/09\/riparazione-serrande-avvolgibili-negozi-mantova.jpg\" alt=\"riparazione serrande avvolgibili negozi mantova\" width=\"660\" height=\"440\" srcset=\"https:\/\/www.ostiautomatismi.it\/wp-content\/uploads\/2014\/09\/riparazione-serrande-avvolgibili-negozi-mantova.jpg 660w, https:\/\/www.ostiautomatismi.it\/wp-content\/uploads\/2014\/09\/riparazione-serrande-avvolgibili-negozi-mantova-300x200.jpg 300w\" sizes=\"(max-width: 660px) 100vw, 660px\" \/><\/p>\n<p>Per l&#8217;installazione e la riparazione delle Serrande avvolgibili per abitazioni civili e negozi puoi rivolgerti ad Osti Andrea Automatismi.<\/p>\n<p>Per una corretta installazione di un automatismo per serrande avvolgibili \u00e8 necessario un sopralluogo attraverso il quale il professionista dell&#8217;automazione per serrande valuter\u00e0 quali sono in corretti meccanismi da installare.<\/p>\n<p>Il motore \u00e8 fissato su un palo sul quale di avvolge la serranda, di solito \u00e8 sufficiente un unico motore ma se fosse necessario \u00e8 possibile installarne due.<\/p>\n<p>Le serrande avvolgibili possono essere con o senza freno. Il freno blocca la serranda quando il motore \u00e8 fermo, ad esempio se la serranda \u00e8 aperta questo dispositivo tiene ferma la serranda anche qualora qualcuno si dovesse appendere. Allo stesso modo qualora la serranda fosse chiusa il dispositivo evita che qualcuno possa tirarla su a mano.<br \/>\nOsti automatismi consiglia sempre ai propri clienti l&#8217;inserimento del freno. Ovviamente in presenza del freno \u00e8 sempre previsto un sistema di sblocco manuale.<\/p>\n<p>Quasi tutte le serrande automatizzate lavorano con l&#8217;uomo presente, \u00e8 la persona ad azionare e fermare il meccanismo. In questi casi serve un motore a 220V, e nella maggior parte dei casi cio\u00e8 i negozi l&#8217;automazione avviene dall&#8217;esterno del locale. Per questo non si mette un semplice pulsante in quanto in presenza di intemperie ci potrebbero essere dei rischi per la persona che aziona l&#8217;automatismo e perci\u00f2 si aggiunge una centralina che va ad eliminare la tensione 220V dal pulsante inserendo un contatto.<br \/>\nCon il pulsante all&#8217;esterno del negozio viene predisposta una cassaforte a chiave da esterno o da incasso, al cui interno ci saranno i pulsanti di apertura e chiusura ed il meccanismo di sblocco.<\/p>\n<p>Nei meccanismi\u00a0con uomo presente non si inseriscono dispositivi di sicurezza come le fotocellule, in quanto la sicurezza la fa proprio la persona che aziona il meccanismo. Invece nel caso in cui vengono predisposte delle automazioni per le serrande avvolgibili con comando radio \u00e8 obbligatoria l&#8217;introduzione di sistemi di sicurezza come le fotocellule. Tutti i radiocomandi che installiamo sono dotati di tecnologia sicura rolling code.<\/p>\n<p>Contattaci per informazioni o per un preventivo, lavoriamo sul territorio della provincia di Mantova e nelle zone limitrofe.<\/p>\n ","protected":false},"excerpt":{"rendered":"<p>Per l&#8217;installazione e la riparazione delle Serrande avvolgibili per abitazioni civili e negozi puoi rivolgerti ad Osti Andrea Automatismi. Per una corretta installazione di un automatismo per serrande avvolgibili \u00e8 necessario un sopralluogo attraverso il quale il professionista dell&#8217;automazione per serrande valuter\u00e0 quali sono in corretti meccanismi da installare. Il motore \u00e8 fissato su un [&hellip;]<\/p>\n","protected":false},"author":1,"featured_media":0,"parent":10,"menu_order":0,"comment_status":"open","ping_status":"open","template":"","meta":{"_genesis_hide_title":false,"_genesis_hide_breadcrumbs":false,"_genesis_hide_singular_image":false,"_genesis_hide_footer_widgets":false,"_genesis_custom_body_class":"","_genesis_custom_post_class":"","_genesis_layout":"","ngg_post_thumbnail":0},"_links":{"self":[{"href":"https:\/\/www.ostiautomatismi.it\/index.php?rest_route=\/wp\/v2\/pages\/63"}],"collection":[{"href":"https:\/\/www.ostiautomatismi.it\/index.php?rest_route=\/wp\/v2\/pages"}],"about":[{"href":"https:\/\/www.ostiautomatismi.it\/index.php?rest_route=\/wp\/v2\/types\/page"}],"author":[{"embeddable":true,"href":"https:\/\/www.ostiautomatismi.it\/index.php?rest_route=\/wp\/v2\/users\/1"}],"replies":[{"embeddable":true,"href":"https:\/\/www.ostiautomatismi.it\/index.php?rest_route=%2Fwp%2Fv2%2Fcomments&post=63"}],"version-history":[{"count":0,"href":"https:\/\/www.ostiautomatismi.it\/index.php?rest_route=\/wp\/v2\/pages\/63\/revisions"}],"up":[{"embeddable":true,"href":"https:\/\/www.ostiautomatismi.it\/index.php?rest_route=\/wp\/v2\/pages\/10"}],"wp:attachment":[{"href":"https:\/\/www.ostiautomatismi.it\/index.php?rest_route=%2Fwp%2Fv2%2Fmedia&parent=63"}],"curies":[{"name":"wp","href":"https:\/\/api.w.org\/{rel}","templated":true}]}}